{"id":71,"date":"2018-12-27T15:45:35","date_gmt":"2018-12-27T15:45:35","guid":{"rendered":"http:\/\/lt.acroliner.de\/?page_id=71"},"modified":"2025-02-19T10:42:41","modified_gmt":"2025-02-19T10:42:41","slug":"impressum","status":"publish","type":"page","link":"https:\/\/acroliner.de\/?page_id=71","title":{"rendered":"Impressum"},"content":{"rendered":"\n<h3>Kontaktdaten<\/h3>\n\n\n\n<p>L\u00fcbecker Turnerschaft von 1854 e.V.<br>Possehlstr. 5<br>23560 L\u00fcbeck<\/p>\n\n\n\n<p>Telefon: 0451 51054<br>Telefax: 0451 51132<br>E-Mail: info[at]lt1854.de<\/p>\n\n\n\n<h3>Vorstand der LT<\/h3>\n\n\n\n<p>1. Vorsitzender \u2013 Werner Deetz<br>2. Vorsitzender \u2013 Dirk Stricker<br>1. Kassenwart \u2013 Harald Greiff<br>2. Kassenwart \u2013 zur Zeit nicht besetzt<br>Schriftwart \u2013 Matthias J\u00fcrs<br>1. Beisitzer \u2013 Andreas Borowski<br>2. Beisitzer \u2013 Klaus Dieter Schmidt<br>Sportwart \u2013 zur Zeit nicht besetzt<br>Jugendwartin \u2013 zur Zeit nicht besetzt<\/p>\n\n\n\n<h3>Sitz des Vereins<\/h3>\n\n\n\n<p>Reg.-Gericht: L\u00fcbeck, VR 1048 HL<br>\nSt-Nr.: 2229071339<\/p>\n\n\n\n<h3>F\u00fcr die Inhalte dieser Internetpr\u00e4senz gilt folgendes<\/h3>\n\n\n\n<p>Alle Inhalte dieser Internetpr\u00e4senz wurden sorgf\u00e4ltig und gewissenhaft recherchiert. Wir haben unser M\u00f6glichstes getan, um Fehler zu vermeiden. Aufgrund des Umfangs und der f\u00fcr dieses Medium typischen st\u00e4ndigen Aktualisierungen halten wir es f\u00fcr geboten, dass die Nutzer dieser Internetpr\u00e4senz die Inhalte vor deren Verwendung sorgf\u00e4ltig pr\u00fcfen. Die L\u00fcbecker Turnerschaft von 1854 e.V. kann keine Haftung f\u00fcr die Inhalte dieser Internetpr\u00e4senz \u00fcbernehmen.<\/p>\n\n\n\n<p>Soweit durch die Internetseiten der&nbsp;L\u00fcbecker Turnerschaft von 1854 e.V. auf die Internetinhalte anderer Anbieter verwiesen wird, \u00fcbernimmt der Verein keine Haftung f\u00fcr die Inhalte dieser Anbieter.<\/p>\n\n\n\n<p>Verantwortlich f\u00fcr den redaktionellen Inhalt: Robert Rahn und die Gesch\u00e4ftsstelle der LT, Telefon: 0451 51056 oder 0451 51054.<\/p>\n\n\n\n<h3>Datenschutzbeauftragter<\/h3>\n\n\n\n<p>E-Mail: datenschutz[at]lt1854.de<\/p>\n\n\n\n<h3>Copyright<\/h3>\n\n\n\n<p>Die Liste der Verweise ist eine Datenbank, die urheberrechtlich gesch\u00fctzt ist. Eine Nutzung dieser Datenbank ist nur nach schriftlicher Einwilligung durch die L\u00fcbecker Turnerschaft von 1854 e.V. gestattet.<\/p>\n\n\n\n<h3>AcroLiner Webmaster <\/h3>\n\n\n\n<p>Robert Rahn<\/p>\n","protected":false},"excerpt":{"rendered":"<p>Kontaktdaten L\u00fcbecker Turnerschaft von 1854 e.V.Possehlstr. 523560 L\u00fcbeck Telefon: 0451 51054Telefax: 0451 51132E-Mail: info[at]lt1854.de Vorstand der LT 1. Vorsitzender \u2013 Werner Deetz2. Vorsitzender \u2013 Dirk Stricker1. Kassenwart \u2013 Harald Greiff2. Kassenwart \u2013 zur Zeit nicht besetztSchriftwart \u2013 Matthias J\u00fcrs1. Beisitzer \u2013 Andreas Borowski2. Beisitzer \u2013 Klaus Dieter SchmidtSportwart \u2013 zur Zeit nicht besetztJugendwartin \u2013 zur [&hellip;]<\/p>\n","protected":false},"author":1,"featured_media":0,"parent":0,"menu_order":0,"comment_status":"closed","ping_status":"closed","template":"","meta":[],"_links":{"self":[{"href":"https:\/\/acroliner.de\/index.php?rest_route=\/wp\/v2\/pages\/71"}],"collection":[{"href":"https:\/\/acroliner.de\/index.php?rest_route=\/wp\/v2\/pages"}],"about":[{"href":"https:\/\/acroliner.de\/index.php?rest_route=\/wp\/v2\/types\/page"}],"author":[{"embeddable":true,"href":"https:\/\/acroliner.de\/index.php?rest_route=\/wp\/v2\/users\/1"}],"replies":[{"embeddable":true,"href":"https:\/\/acroliner.de\/index.php?rest_route=%2Fwp%2Fv2%2Fcomments&post=71"}],"version-history":[{"count":7,"href":"https:\/\/acroliner.de\/index.php?rest_route=\/wp\/v2\/pages\/71\/revisions"}],"predecessor-version":[{"id":755,"href":"https:\/\/acroliner.de\/index.php?rest_route=\/wp\/v2\/pages\/71\/revisions\/755"}],"wp:attachment":[{"href":"https:\/\/acroliner.de\/index.php?rest_route=%2Fwp%2Fv2%2Fmedia&parent=71"}],"curies":[{"name":"wp","href":"https:\/\/api.w.org\/{rel}","templated":true}]}}