{"id":232,"date":"2019-01-06T13:54:49","date_gmt":"2019-01-06T13:54:49","guid":{"rendered":"http:\/\/acroliner.de\/?page_id=232"},"modified":"2025-02-19T10:58:17","modified_gmt":"2025-02-19T10:58:17","slug":"unsere-ziele","status":"publish","type":"page","link":"https:\/\/acroliner.de\/?page_id=232","title":{"rendered":"Unsere Ziele&#8230;"},"content":{"rendered":"\n<p>Um sich gesund zu entwickeln, ist Bewegung im Kindes- und Jugendalter enorm wichtig!<br>Sport ist gesund und f\u00f6rdert sowohl die geistige als auch k\u00f6rperliche Entwicklung von jungen Menschen!<br>Die Sportgruppe \u201eAcroLiner\u201c der L\u00fcbecker Turnerschaft motiviert Kinder und Jugendliche zwischen 6 und 25 Jahren gemeinsam Sport zu machen, begeistern ihre zahlreichen Zuschauer und zeigen ihr soziales Engagement durch unterschiedliche Aktionen (z.B.: Unterst\u00fctzung von krebskranken Kindern, Projektbeteiligung &#8222;Sport gegen Gewalt&#8220;, schulische Projektwochen und &#8222;Zeitung in der Schule&#8220;).<br><\/p>\n\n\n\n<blockquote class=\"wp-block-quote\"><p><em>&#8222;Es kommt nicht nur darauf an, was wir \u00e4u\u00dferlich in der Welt leisten, <\/em><br><em>sondern was wir menschlich geben, in allen Lagen.&#8220; <\/em><br>(Albert Schweizer)<em><br><\/em><\/p><\/blockquote>\n\n\n\n<p><strong>In dieser Sport-Gruppe \u201eAcroLiner\u201c erreichen wir mit Hilfe des gemeinsamen Trend-Sport-Angebots (Akrobatik, Breakdance, Trampolinspringen, Bodenturnelemente auf der Airbahn sowie Parkour und Tricking), dass Kindern, Jugendlichen und jungen Heranwachsenden zus\u00e4tzliche, sinnvolle, aktive Freizeitangebote gemacht werden, die ihnen auf sportliche Weise Spa\u00df und Wertvorstellungen vermitteln.<\/strong><br><\/p>\n\n\n\n<p><strong>Unsere Ziele sind\nu.a.:<\/strong><br><\/p>\n\n\n\n<ul><li> soziales Verhalten durch Sport<\/li><li>Fairness im Sport \u2013 Fairness im Alltag<\/li><li> dauerhafte Beziehungen durch Sport zum Sport<\/li><li>gemeinsam mit anderen sinnvolle Ziele zu erreichen und dabei Spa\u00df haben<\/li><li>gegen Rassismus \u2013 gegen Gewalt &#8211; gegen kriminelles Verhalten<\/li><li>K\u00f6rpergef\u00fchl, Motorik, Gleichgewichtssinn, Koordination und Selbstbewusstsein durch Sport (Identit\u00e4tsbildung)<\/li><li>gesundes Aktivit\u00e4tsverhalten und gesteigerte Lebenszufriedenheit durch Sport<\/li><li>Willensst\u00e4rke erleben, Entscheidungen treffen, Niederlagen aushalten, Freude mit anderen teilen<\/li><li>gemeinsam sind wir stark &#8211; Teamgeist und Teamentwicklung<\/li><li>&#8222;Auf dem Boden bleiben&#8220; trotz hoher Spr\u00fcnge!<\/li><li>wertsch\u00e4tzender Umgang miteinander<\/li><li>das besondere WIR-Gef\u00fchl von der &#8222;AcroLiner-Familie&#8220; positiv erleben<\/li><li>ICH bin ein Vorbild f\u00fcr andere. <\/li><\/ul>\n\n\n\n<p>Durch verschiedene Auftritte erreichen wir eine weitverzweigte Vernetzung in diesem Sport-Projekt und pr\u00e4sentieren unser Konzept sehr erfolgreich in der \u00d6ffentlichkeit. <br>In der praktischen Arbeit vor Ort konnten bereits verschiedene Integrationsbeispiele erfolgreich gestaltet werden. <br><br>Seit Bestehen (September 2007) der Abteilung &#8222;AcroLiner &#8211; Sport verbindet uns erfolgreich&#8220; ist es uns gelungen die Mitgliederanzahl von 45 auf nun ca. 200 Sportler\/innen zu erh\u00f6hen. Mindestens einmal pro Woche wird f\u00fcr mehrere Stunden im Bereich &#8222;Akrobatik, Breakdance, Capoeira, Parkour, Tricking und Trampolin-Turnen&#8220; trainiert. Bis zu 14 Trainer\/innen und Trainingsassistenten betreuen und trainieren die verschiedenen Sport-Einheiten der AcroLiner. <br><\/p>\n\n\n\n<p>Das gesamte Angebot wird\ndurch Wochenendfreizeiten der AcroLiner bzw. Ferienfreizeitfahrten\ninnerhalb des Jugendbereiches von der L\u00fcbecker Turnerschaft, bei denen\nder Gedanke \u201eSpiel, Sport, Spa\u00df &amp; Freude\u201c im Vordergrund steht,\nabgerundet. <br><\/p>\n\n\n\n<p>Was verbindet uns sportlich? Wir brauchen den Austausch mit anderen, um uns zu entwickeln. Wir teilen Ideen, Erfahrungen, M\u00f6glichkeiten und Erlebnisse innerhalb der AcroLiner-Gruppe, um einen gemeinsamen Weg in unsere sportliche Zukunft zu gehen.<br>Die Unterst\u00fctzung dieses sportlichen Projektes erfolgt durch Mitgliedsbeitr\u00e4ge und zum Gro\u00dfteil durch freiwillige Spenden, die den Kauf von gesundheitsf\u00f6rdernden Sportger\u00e4ten m\u00f6glich machen bzw. unterst\u00fctzen.<br>Emotionale und tatkr\u00e4ftige Unterst\u00fctzung erhalten alle AcroLiner durch die vielen ehrenamtlichen Helfer\/innen, die eine tragende und wichtige S\u00e4ule dieser besonderen Sport-Abteilung bilden.<br>Daf\u00fcr ein \u201edickes Dankesch\u00f6n\u201c \u2013 ohne Euch geht es nicht!<br>Lachende, fr\u00f6hliche, gl\u00fcckliche und zufriedene Gesichter von den AcroLiner-Sportlern sind ein gro\u00dfes Lob f\u00fcr das au\u00dferordentliche Engagement von der Trainer\/innen-Crew und dem Orga-Team. <br>Das Sportangebot der AcroLiner tr\u00e4gt sehr erfolgreich zum aktiven Freizeitleben in L\u00fcbeck bei. Dieser organisierte Sport unterst\u00fctzt die soziale und integrative Arbeit von ganz vielen jungen Menschen.\u00a0 Au\u00dferdem leistet der gesamte Verein \u201e L\u00fcbecker Turnerschaft\u201c mit ihren umfassenden Sport- und Bewegungsangeboten einen ma\u00dfgeblichen Beitrag zur Gesunderhaltung bzw. Gesundheitsvorsorge und damit zu einer erf\u00fcllten individuellen Lebensgestaltung. <br>Innerhalb des Sportangebots der AcroLiner werden pers\u00f6nliche \u00a0Leistungsst\u00e4rken unterst\u00fctzt und weiterentwickelt. Ganz nebenbei leisten die AcroLiner auch noch einen wichtigen Beitrag zur Bildung sowie Erziehung von jungen Menschen und verbessern die Schl\u00fcsselqualifikationen wie z.B. Teamgeist, Toleranz, Fairness oder Leistungsbereitschaft.<br>Gerne unterst\u00fctzen wir alle daher mit unserem engagierten Einsatz den Bewegungsgedanken und die sportliche Gemeinschaft bei Kindern und Jugendlichen zur pers\u00f6nlichen Entwicklung in ihre Zukunft!<\/p>\n\n\n\n<p><br><\/p>\n","protected":false},"excerpt":{"rendered":"<p>Um sich gesund zu entwickeln, ist Bewegung im Kindes- und Jugendalter enorm wichtig!Sport ist gesund und f\u00f6rdert sowohl die geistige als auch k\u00f6rperliche Entwicklung von jungen Menschen!Die Sportgruppe \u201eAcroLiner\u201c der L\u00fcbecker Turnerschaft motiviert Kinder und Jugendliche zwischen 6 und 25 Jahren gemeinsam Sport zu machen, begeistern ihre zahlreichen Zuschauer und zeigen ihr soziales Engagement durch [&hellip;]<\/p>\n","protected":false},"author":1,"featured_media":0,"parent":0,"menu_order":0,"comment_status":"closed","ping_status":"closed","template":"","meta":[],"_links":{"self":[{"href":"https:\/\/acroliner.de\/index.php?rest_route=\/wp\/v2\/pages\/232"}],"collection":[{"href":"https:\/\/acroliner.de\/index.php?rest_route=\/wp\/v2\/pages"}],"about":[{"href":"https:\/\/acroliner.de\/index.php?rest_route=\/wp\/v2\/types\/page"}],"author":[{"embeddable":true,"href":"https:\/\/acroliner.de\/index.php?rest_route=\/wp\/v2\/users\/1"}],"replies":[{"embeddable":true,"href":"https:\/\/acroliner.de\/index.php?rest_route=%2Fwp%2Fv2%2Fcomments&post=232"}],"version-history":[{"count":5,"href":"https:\/\/acroliner.de\/index.php?rest_route=\/wp\/v2\/pages\/232\/revisions"}],"predecessor-version":[{"id":766,"href":"https:\/\/acroliner.de\/index.php?rest_route=\/wp\/v2\/pages\/232\/revisions\/766"}],"wp:attachment":[{"href":"https:\/\/acroliner.de\/index.php?rest_route=%2Fwp%2Fv2%2Fmedia&parent=232"}],"curies":[{"name":"wp","href":"https:\/\/api.w.org\/{rel}","templated":true}]}}