{"id":212,"date":"2019-01-06T13:01:00","date_gmt":"2019-01-06T13:01:00","guid":{"rendered":"http:\/\/acroliner.de\/?page_id=212"},"modified":"2019-01-06T14:03:21","modified_gmt":"2019-01-06T14:03:21","slug":"ueber-uns","status":"publish","type":"page","link":"https:\/\/acroliner.de\/?page_id=212","title":{"rendered":"\u00dcber uns&#8230;"},"content":{"rendered":"\n<p><em><strong>Die Entstehungsgeschichte der <\/strong><\/em><strong>AcroLiner<\/strong><em><strong>:<\/strong><\/em><\/p>\n\n\n\n<div class=\"wp-block-image\"><figure class=\"alignleft\"><img loading=\"lazy\" width=\"404\" height=\"304\" src=\"http:\/\/acroliner.de\/wp-content\/uploads\/2018\/12\/AL_Pfohe08_01.jpg\" alt=\"\" class=\"wp-image-102\" srcset=\"https:\/\/acroliner.de\/wp-content\/uploads\/2018\/12\/AL_Pfohe08_01.jpg 404w, https:\/\/acroliner.de\/wp-content\/uploads\/2018\/12\/AL_Pfohe08_01-300x226.jpg 300w\" sizes=\"(max-width: 404px) 100vw, 404px\" \/><\/figure><\/div>\n\n\n\n<p>In den 80er Jahren entwickelte sich in der LT eine immer gr\u00f6\u00dfere und leistungsst\u00e4rkere Kunstturngruppe auf der m\u00e4nnlichen Seite. Sch\u00fcler (Kreis- und Verbandsliga), M\u00e4nner (Verbands- und Landesliga). Mehrfache Landes- und Deutsche-Meister im turnerischen Mehrkampf, gingen aus diesen Mannschaften hervor.<br>1986 gelang den M\u00e4nnern dann sogar die Meisterschaft in Schleswig Holstein.<br>Mit der gro\u00dfen Anzahl von guten Turnern aus allen Altersbereichen, war es nicht schwer, f\u00fcr Feste und Veranstaltungen, eine stattliche Vorf\u00fchrgruppe zusammenzustellen.<br>Diese Gruppe zeigte ihr K\u00f6nnen bei der Bodenakrobatik, mit lustigen Hochrecknummern und am Minitrampolin.<br>Als der hauptamtliche Sportlehrer und Kunsturnwart Dietrich Grenz 1995 die Leitung des neuen LT-Studios \u00fcbernahm, wollte keiner der \u00dcbungsleiter im m\u00e4nnlichen Kunstturnen die Abteilung \u00fcbernehmen.<br>Stattdessen verlie\u00dfen sie die LT nach und nach. Was blieb war eine Trainingsstunde (1,5 Std.) am Donnerstag in der Hauptturnhalle. Doch mit so geringem Training, konnte kein Wettkampforientiertes Kunstturnen mehr fortgef\u00fchrt werden.<br>So gr\u00fcndete Dietrich Grenz kurzer Hand eine Bodenakrobatikgruppe, die in einer kleinen Wahlveranstaltung ihren heutigen Namen selbst k\u00fcrte, es entstanden die <strong>AcroLiner<\/strong>.<\/p>\n\n\n\n<p>Seien Sie Sponsor und Unterst\u00fctzer unserer Abteilung und werben Sie auf unserer Webseite und unserem gro\u00dfen Anh\u00e4nger!<\/p>\n","protected":false},"excerpt":{"rendered":"<p>Die Entstehungsgeschichte der AcroLiner: In den 80er Jahren entwickelte sich in der LT eine immer gr\u00f6\u00dfere und leistungsst\u00e4rkere Kunstturngruppe auf der m\u00e4nnlichen Seite. Sch\u00fcler (Kreis- und Verbandsliga), M\u00e4nner (Verbands- und Landesliga). Mehrfache Landes- und Deutsche-Meister im turnerischen Mehrkampf, gingen aus diesen Mannschaften hervor.1986 gelang den M\u00e4nnern dann sogar die Meisterschaft in Schleswig Holstein.Mit der gro\u00dfen [&hellip;]<\/p>\n","protected":false},"author":1,"featured_media":0,"parent":0,"menu_order":0,"comment_status":"closed","ping_status":"closed","template":"","meta":[],"_links":{"self":[{"href":"https:\/\/acroliner.de\/index.php?rest_route=\/wp\/v2\/pages\/212"}],"collection":[{"href":"https:\/\/acroliner.de\/index.php?rest_route=\/wp\/v2\/pages"}],"about":[{"href":"https:\/\/acroliner.de\/index.php?rest_route=\/wp\/v2\/types\/page"}],"author":[{"embeddable":true,"href":"https:\/\/acroliner.de\/index.php?rest_route=\/wp\/v2\/users\/1"}],"replies":[{"embeddable":true,"href":"https:\/\/acroliner.de\/index.php?rest_route=%2Fwp%2Fv2%2Fcomments&post=212"}],"version-history":[{"count":3,"href":"https:\/\/acroliner.de\/index.php?rest_route=\/wp\/v2\/pages\/212\/revisions"}],"predecessor-version":[{"id":240,"href":"https:\/\/acroliner.de\/index.php?rest_route=\/wp\/v2\/pages\/212\/revisions\/240"}],"wp:attachment":[{"href":"https:\/\/acroliner.de\/index.php?rest_route=%2Fwp%2Fv2%2Fmedia&parent=212"}],"curies":[{"name":"wp","href":"https:\/\/api.w.org\/{rel}","templated":true}]}}